{"id":818,"date":"2022-01-22T12:46:17","date_gmt":"2022-01-22T09:46:17","guid":{"rendered":"https:\/\/uclertraktor.com\/?page_id=818"},"modified":"2023-12-26T16:22:53","modified_gmt":"2023-12-26T13:22:53","slug":"hakkimizda-ucler-motorlu-araclar","status":"publish","type":"page","link":"https:\/\/uclertraktor.com\/?page_id=818","title":{"rendered":"HAKKIMIZDA"},"content":{"rendered":"<p><img fetchpriority=\"high\" decoding=\"async\" class=\"wp-image-568 alignleft\" src=\"https:\/\/uclertraktor.com\/wp-content\/uploads\/2021\/07\/cropped-Adsiz.png\" alt=\"\" width=\"384\" height=\"338\" srcset=\"https:\/\/uclertraktor.com\/wp-content\/uploads\/2021\/07\/cropped-Adsiz.png 561w, https:\/\/uclertraktor.com\/wp-content\/uploads\/2021\/07\/cropped-Adsiz-300x264.png 300w\" sizes=\"(max-width: 384px) 100vw, 384px\" \/>Genlerinde tar\u0131m olan bir ailenin 3. Ku\u015fak temsilcileriyiz<\/p>\n<p>\u00dc\u00e7ler motorlu ara\u00e7lar\u0131n isim babas\u0131 MUSTAFA \u00d6ZP\u0130R\u0130N\u00c7 ile ba\u015flayan hikayemiz 1950\u2019li y\u0131llarda Mu\u011fla\u2019n\u0131n Dalyan il\u00e7esinde demir tekerlekli trakt\u00f6rler ile b\u00f6lgedeki makinal\u0131 tar\u0131m\u0131 ba\u015flatan atalar\u0131m\u0131z\u0131n izinde modern tar\u0131m\u0131n temsilcisi olan bizim ku\u015fa\u011f\u0131m\u0131z T\u00fcrk Trakt\u00f6r bayili\u011fi ile b\u00f6lgemizin modern tar\u0131m\u0131n hizmetinde trakt\u00f6r ve ekipman bayilikleri ile b\u00f6lgeye hizmet vermeye devam ediyor.<\/p>\n<p>Trakt\u00f6r ve ekipman i\u015finde babam\u0131z ALPAN ERDEM\u2019 in 35 sene \u00f6nce Uzel makine bayili\u011fi ve ekipman bayiliklerine ERDEM ailesinin 3. Ku\u015fak temsilcileri olarak MEHMET ERDEM, ALPANCAN ERDEM ve ailenin gelini ES\u0130N ERDEM devam ettirmektedir.<\/p>\n<p>Firmam\u0131z\u0131n tar\u0131msal \u00fcretim s\u00fcrecini ailenin tar\u0131msal i\u015fletmelerinde nesillerdir devam ettirmekteyiz. B\u00f6lgenin narenciye \u00fcretiminde \u00e7e\u015fit ve kalite a\u00e7\u0131s\u0131ndan \u00f6nder i\u015fletmelerindendir ve bir\u00e7ok ilke imza atm\u0131\u015ft\u0131r. Nar, limon, portakal, greyfurt, mandalin gibi narenciye \u00fcretimleri ile b\u00fcy\u00fck ve kaliteli bir firmad\u0131r.<\/p>\n<p>\u00c7ift\u00e7imiz bizi ve markam\u0131z\u0131 neden tercih etmeli sorusunun cevab\u0131n\u0131 \u015fu \u015fekilde verebiliriz;<\/p>\n<p>\u0130\u015fletmenin geneti\u011finde tar\u0131m\u0131n olmas\u0131d\u0131r. Tar\u0131m ailemiz i\u00e7in olmazsa olmazlar\u0131ndand\u0131r ve her birey bu konunun hassasiyetini bilerek yeti\u015fmi\u015ftir.<\/p>\n<p>Firmam\u0131z\u0131n bundan sonraki s\u00fcre\u00e7te tar\u0131mda sahip oldu\u011fu tecr\u00fcbe ile b\u00f6lge ve \u00fclke tar\u0131m\u0131na katma de\u011fer yaratmaya devam edecektir.<\/p>\n<p>T\u00fcrk Trakt\u00f6r ve ekipman bayilikleri ile tar\u0131msal faaliyetleri efektif yapmak i\u00e7in \u00fczerimize d\u00fc\u015fen g\u00f6revleri yapmaya her daim haz\u0131r\u0131z. Modern tar\u0131m ve s\u00fcrd\u00fcr\u00fclebilir tar\u0131m faaliyetlerimizin oda\u011f\u0131ndad\u0131r.<\/p>\n","protected":false},"excerpt":{"rendered":"<p>Genlerinde tar\u0131m olan bir ailenin 3. Ku\u015fak temsilcileriyiz \u00dc\u00e7ler motorlu ara\u00e7lar\u0131n isim babas\u0131 MUSTAFA \u00d6ZP\u0130R\u0130N\u00c7 ile ba\u015flayan hikayemiz 1950\u2019li y\u0131llarda Mu\u011fla\u2019n\u0131n Dalyan il\u00e7esinde demir tekerlekli trakt\u00f6rler ile b\u00f6lgedeki makinal\u0131 tar\u0131m\u0131 ba\u015flatan atalar\u0131m\u0131z\u0131n izinde modern tar\u0131m\u0131n temsilcisi olan bizim ku\u015fa\u011f\u0131m\u0131z T\u00fcrk Trakt\u00f6r bayili\u011fi ile b\u00f6lgemizin modern tar\u0131m\u0131n hizmetinde trakt\u00f6r ve ekipman bayilikleri ile b\u00f6lgeye hizmet vermeye [&hellip;]<\/p>\n","protected":false},"author":1,"featured_media":0,"parent":0,"menu_order":0,"comment_status":"closed","ping_status":"closed","template":"elementor_theme","meta":{"ngg_post_thumbnail":0,"footnotes":""},"class_list":["post-818","page","type-page","status-publish","hentry","entry"],"aioseo_notices":[],"_links":{"self":[{"href":"https:\/\/uclertraktor.com\/index.php?rest_route=\/wp\/v2\/pages\/818","targetHints":{"allow":["GET"]}}],"collection":[{"href":"https:\/\/uclertraktor.com\/index.php?rest_route=\/wp\/v2\/pages"}],"about":[{"href":"https:\/\/uclertraktor.com\/index.php?rest_route=\/wp\/v2\/types\/page"}],"author":[{"embeddable":true,"href":"https:\/\/uclertraktor.com\/index.php?rest_route=\/wp\/v2\/users\/1"}],"replies":[{"embeddable":true,"href":"https:\/\/uclertraktor.com\/index.php?rest_route=%2Fwp%2Fv2%2Fcomments&post=818"}],"version-history":[{"count":4,"href":"https:\/\/uclertraktor.com\/index.php?rest_route=\/wp\/v2\/pages\/818\/revisions"}],"predecessor-version":[{"id":1017,"href":"https:\/\/uclertraktor.com\/index.php?rest_route=\/wp\/v2\/pages\/818\/revisions\/1017"}],"wp:attachment":[{"href":"https:\/\/uclertraktor.com\/index.php?rest_route=%2Fwp%2Fv2%2Fmedia&parent=818"}],"curies":[{"name":"wp","href":"https:\/\/api.w.org\/{rel}","templated":true}]}}