{"id":821,"date":"2022-01-22T12:46:40","date_gmt":"2022-01-22T09:46:40","guid":{"rendered":"https:\/\/uclertraktor.com\/?page_id=821"},"modified":"2022-01-22T12:46:40","modified_gmt":"2022-01-22T09:46:40","slug":"iletisim","status":"publish","type":"page","link":"https:\/\/uclertraktor.com\/?page_id=821","title":{"rendered":"\u0130LET\u0130\u015e\u0130M"},"content":{"rendered":"","protected":false},"excerpt":{"rendered":"","protected":false},"author":1,"featured_media":0,"parent":0,"menu_order":0,"comment_status":"closed","ping_status":"closed","template":"templates\/template-no-sidebar.php","meta":{"ngg_post_thumbnail":0,"footnotes":""},"class_list":["post-821","page","type-page","status-publish","hentry","entry"],"aioseo_notices":[],"_links":{"self":[{"href":"https:\/\/uclertraktor.com\/index.php?rest_route=\/wp\/v2\/pages\/821","targetHints":{"allow":["GET"]}}],"collection":[{"href":"https:\/\/uclertraktor.com\/index.php?rest_route=\/wp\/v2\/pages"}],"about":[{"href":"https:\/\/uclertraktor.com\/index.php?rest_route=\/wp\/v2\/types\/page"}],"author":[{"embeddable":true,"href":"https:\/\/uclertraktor.com\/index.php?rest_route=\/wp\/v2\/users\/1"}],"replies":[{"embeddable":true,"href":"https:\/\/uclertraktor.com\/index.php?rest_route=%2Fwp%2Fv2%2Fcomments&post=821"}],"version-history":[{"count":1,"href":"https:\/\/uclertraktor.com\/index.php?rest_route=\/wp\/v2\/pages\/821\/revisions"}],"predecessor-version":[{"id":822,"href":"https:\/\/uclertraktor.com\/index.php?rest_route=\/wp\/v2\/pages\/821\/revisions\/822"}],"wp:attachment":[{"href":"https:\/\/uclertraktor.com\/index.php?rest_route=%2Fwp%2Fv2%2Fmedia&parent=821"}],"curies":[{"name":"wp","href":"https:\/\/api.w.org\/{rel}","templated":true}]}}