{"id":829,"date":"2022-01-22T13:18:03","date_gmt":"2022-01-22T10:18:03","guid":{"rendered":"https:\/\/uclertraktor.com\/?page_id=829"},"modified":"2025-08-26T17:09:01","modified_gmt":"2025-08-26T14:09:01","slug":"k-v-v-k","status":"publish","type":"page","link":"https:\/\/uclertraktor.com\/?page_id=829","title":{"rendered":"K.V.K.K"},"content":{"rendered":"<p>\u00dc\u00c7LER MOTORLU ARA\u00c7LAR<\/p>\n<p>WEB S\u0130TES\u0130 G\u0130ZL\u0130L\u0130K VE \u00c7EREZ POL\u0130T\u0130KASI<\/p>\n<p>\u00dc\u00c7LER MOTORLU ARA\u00c7LAR \u00a0(\u201c\u00dc\u00c7LER MOTORLU ARA\u00c7LAR\u201d) taraf\u0131ndan i\u015fletilen\u00a0(\u201cuclertraktor.com.tr\u201d)<br \/>\nweb sitesini ziyaret edenlerin (\u201cziyaret\u00e7i\u201d) ki\u015fisel verilerini 6698 say\u0131l\u0131 Ki\u015fisel Verilerin Korunmas\u0131 Kanunu (\u201cKanun\u201d)<br \/>\nuyar\u0131nca i\u015flemekte ve gizlili\u011fini korumaktay\u0131z. Bu Web Sitesi Gizlilik ve \u00c7erez Politikas\u0131 (\u201cPolitika\u201d) ile ziyaret\u00e7ilerin<br \/>\nki\u015fisel verilerinin i\u015flenmesi, \u00e7erez politikas\u0131 ve internet sitesi gizlilik ilkeleri belirlenmektedir.<br \/>\n\u00c7erezler (cookies), k\u00fc\u00e7\u00fck bilgileri saklayan k\u00fc\u00e7\u00fck metin dosyalar\u0131d\u0131r. \u00c7erezler, ziyaret etti\u011finiz internet siteleri<br \/>\ntaraf\u0131ndan, taray\u0131c\u0131lar arac\u0131l\u0131\u011f\u0131yla cihaz\u0131n\u0131za veya a\u011f sunucusuna depolan\u0131r. \u0130nternet sitesi taray\u0131c\u0131n\u0131za y\u00fcklendi\u011finde,<br \/>\n\u00e7erezler cihaz\u0131n\u0131zda saklan\u0131r. \u00c7erezler, internet sitesinin d\u00fczg\u00fcn \u00e7al\u0131\u015fmas\u0131n\u0131, daha g\u00fcvenli hale getirilmesini, daha iyi<br \/>\nkullan\u0131c\u0131 deneyimi sunmas\u0131n\u0131 sa\u011flar. Oturum ve yerel depolama alanlar\u0131 da \u00e7erezlerle ayn\u0131 ama\u00e7 i\u00e7in kullan\u0131l\u0131r. \u0130nternet<br \/>\nsitemizde \u00e7erez bulunmamakta, oturum ve yerel depolama alanlar\u0131 \u00e7al\u0131\u015fmaktad\u0131r.<br \/>\nWeb sitemizin ziyaret\u00e7iler taraf\u0131ndan en verimli \u015fekilde faydalan\u0131lmas\u0131 i\u00e7in \u00e7erezler kullan\u0131lmaktad\u0131r. \u00c7erezler tercih<br \/>\nedilmemesi halinde\u00a0taray\u0131c\u0131 ayarlar\u0131ndan silinebilir ya da engellenebilir. Ancak bu web sitemizin performans\u0131n\u0131 olumsuz<br \/>\netkileyebilir. Ziyaret\u00e7i taray\u0131c\u0131dan \u00e7erez\u00a0ayarlar\u0131n\u0131 de\u011fi\u015ftirmedi\u011fi s\u00fcrece bu sitede \u00e7erez kullan\u0131m\u0131n\u0131 kabul<br \/>\netti\u011fi\u00a0varsay\u0131l\u0131r.<\/p>\n<ol>\n<li>Ki\u015fisel Verilerin \u0130\u015flenme Amac\u0131<br \/>\nWeb sitemizi ziyaret etmeniz dolay\u0131s\u0131yla elde edilen ki\u015fisel verileriniz a\u015fa\u011f\u0131da s\u0131ralanan ama\u00e7larla \u00dc\u00c7LER MOTORLU ARA\u00c7LAR taraf\u0131ndan<br \/>\nKanun\u2019un 5. ve 6. maddelerine uygun olarak i\u015flenmektedir:<br \/>\n\u00b7 \u00dc\u00c7LER MOTORLU ARA\u00c7LAR taraf\u0131ndan y\u00fcr\u00fct\u00fclen ticari faaliyetlerin y\u00fcr\u00fct\u00fclmesi i\u00e7in gerekli \u00e7al\u0131\u015fmalar\u0131n yap\u0131lmas\u0131 ve buna ba\u011fl\u0131 i\u015f<br \/>\ns\u00fcre\u00e7lerinin ger\u00e7ekle\u015ftirilmesi,<br \/>\n\u00b7 \u00dc\u00c7LER MOTORLU ARA\u00c7LAR taraf\u0131ndan sunulan \u00fcr\u00fcn ve hizmetlerden ilgili ki\u015fileri faydaland\u0131rmak i\u00e7in gerekli \u00e7al\u0131\u015fmalar\u0131n yap\u0131lmas\u0131<br \/>\nve ilgili i\u015f s\u00fcre\u00e7lerinin ger\u00e7ekle\u015ftirilmesi,<br \/>\n\u00b7 \u00dc\u00c7LER MOTORLU ARA\u00c7LAR taraf\u0131ndan sunulan \u00fcr\u00fcn ve hizmetlerin ilgili ki\u015filerin be\u011feni, kullan\u0131m al\u0131\u015fkanl\u0131klar\u0131 ve ihtiya\u00e7lar\u0131na g\u00f6re<br \/>\n\u00f6zelle\u015ftirilerek ilgili ki\u015filere \u00f6nerilmesi ve tan\u0131t\u0131lmas\u0131.<\/li>\n<li>Ki\u015fisel Verilerin Aktar\u0131ld\u0131\u011f\u0131 Taraflar ve Aktar\u0131m Amac\u0131<br \/>\nWeb sitemizi ziyaret etmeniz dolay\u0131s\u0131yla elde edilen ki\u015fisel verileriniz, ki\u015fisel verilerinizin i\u015flenme ama\u00e7lar\u0131<br \/>\ndo\u011frultusunda, i\u015f ortaklar\u0131m\u0131za, tedarik\u00e7ilerimize kanunen yetkili kamu kurumlar\u0131na ve \u00f6zel ki\u015filere Kanun\u2019un 8. ve 9.<br \/>\nmaddelerinde belirtilen ki\u015fisel veri i\u015fleme \u015fartlar\u0131 ve ama\u00e7lar\u0131 kapsam\u0131nda aktar\u0131labilmektedir.<\/li>\n<li>Ki\u015fisel Verilerin Toplanma Y\u00f6ntemi<br \/>\n\u00c7erezler, ziyaret edilen internet siteleri taraf\u0131ndan taray\u0131c\u0131lar arac\u0131l\u0131\u011f\u0131yla cihaza veya a\u011f sunucusuna depolanan k\u00fc\u00e7\u00fck<br \/>\nmetin dosyalar\u0131d\u0131r. Web sitemiz ziyaret edildi\u011finde, ziyaret\u00e7inin izniyle web sitemize ek olarak google.com,<br \/>\nfacebook.com, twitter.com, instagram.com, linkedin.com, youtube.com alanlar\u0131na da \u00e7erezler uygulanmaktad\u0131r.<\/li>\n<li>\u00c7erezleri Kullan\u0131m Amac\u0131<br \/>\nWeb sitemiz birinci ve \u00fc\u00e7\u00fcnc\u00fc taraf \u00e7erezleri kullan\u0131r. Birinci taraf \u00e7erezleri \u00e7o\u011funlukla web sitesinin do\u011fru \u015fekilde<br \/>\n\u00e7al\u0131\u015fmas\u0131 i\u00e7in gereklidir, ki\u015fisel verilerinizi tutmazlar. \u00dc\u00e7\u00fcnc\u00fc taraf \u00e7erezleri, web sitemizin performans\u0131n\u0131, etkile\u015fimini,<br \/>\ng\u00fcvenli\u011fini, reklamlar\u0131 ve sonucunda daha iyi bir hizmet sunmak i\u00e7in kullan\u0131l\u0131r. Kullan\u0131c\u0131 deneyimi ve web sitemizle<br \/>\ngelecekteki etkile\u015fimleri h\u0131zland\u0131rmaya yard\u0131mc\u0131 olur. Bu kapsamda \u00e7erezler;<br \/>\n\u0130statistikler: Bu \u00e7erezler, web sitesine gelen ziyaret\u00e7i say\u0131s\u0131, benzersiz ziyaret\u00e7i say\u0131s\u0131, web sitesinin hangi sayfalar\u0131n\u0131n<br \/>\nziyaret edildi\u011fi, ziyaretin kayna\u011f\u0131 vb. bilgileri depolar. Bu veriler, web sitesinin ne kadar iyi performans g\u00f6sterdi\u011fini ve<br \/>\nanaliz etmemize yard\u0131mc\u0131 olur.<br \/>\nPazarlama: Web sitemiz reklam veriyor. Bu \u00e7erezler, size g\u00f6sterdi\u011fimiz reklamlar\u0131 sizin i\u00e7in anlaml\u0131 olacak \u015fekilde<br \/>\nki\u015fiselle\u015ftirmek i\u00e7in kullan\u0131l\u0131r. Bu \u00e7erezler ayr\u0131ca bu reklam kampanyalar\u0131n\u0131n verimlili\u011fini takip etmemize yard\u0131mc\u0131 olur.<br \/>\nBu \u00e7erezlerde depolanan bilgiler, \u00fc\u00e7\u00fcnc\u00fc taraf reklam sa\u011flay\u0131c\u0131lar\u0131 taraf\u0131ndan size taray\u0131c\u0131daki di\u011fer web sitelerinde<br \/>\nreklam g\u00f6stermek i\u00e7in de kullan\u0131labilir.<br \/>\n\u0130\u015flevsel: Bunlar, web sitemizdeki baz\u0131 \u00f6nemli olmayan i\u015flevlere yard\u0131mc\u0131 olan \u00e7erezlerdir. Bu i\u015flevler aras\u0131nda videolar<br \/>\ngibi i\u00e7erik yerle\u015ftirme veya web sitesindeki i\u00e7erikleri sosyal medya platformlar\u0131nda payla\u015fma yer al\u0131r.<\/li>\n<\/ol>\n<p>Sayfa 2<br \/>\nTercihler: Bu \u00e7erezler ayarlar\u0131n\u0131z\u0131 kaydetmemize ve dil tercihleri gibi tarama tercihlerinizi belirlememize yard\u0131mc\u0131 olur,<br \/>\nb\u00f6ylece web sitesine gelecekteki ziyaretlerinizde daha iyi ve verimli bir deneyime sahip olursunuz.<br \/>\nTeknik olarak web sitemizde kullan\u0131lan \u00e7erez t\u00fcrleri a\u015fa\u011f\u0131daki tabloda g\u00f6sterilmektedir.<br \/>\nOturum \u00c7erezleri<br \/>\n(Session Cookies)<\/p>\n<p>Oturum \u00e7erezleri ziyaret\u00e7ilerimizin web sitemizi ziyaretleri s\u00fcresince kullan\u0131lan,<br \/>\ntaray\u0131c\u0131 kapat\u0131ld\u0131ktan sonra silinen ge\u00e7ici \u00e7erezlerdir. Amac\u0131 ziyaretiniz s\u00fcresince<br \/>\n\u0130nternet Sitesinin d\u00fczg\u00fcn bir bi\u00e7imde \u00e7al\u0131\u015fmas\u0131n\u0131n teminini sa\u011flamakt\u0131r.<\/p>\n<p>Kal\u0131c\u0131 \u00c7erezler<br \/>\n(Persistent Cookies)<\/p>\n<p>Kal\u0131c\u0131 \u00e7erezler web sitesinin i\u015flevselli\u011fini art\u0131rmak, ziyaret\u00e7ilerimize daha h\u0131zl\u0131 ve<br \/>\niyi bir hizmet sunmak amac\u0131yla kullan\u0131lan \u00e7erez t\u00fcrleridir. Bu t\u00fcr \u00e7erezler<br \/>\ntercihlerinizi hat\u0131rlamak i\u00e7in kullan\u0131l\u0131r ve taray\u0131c\u0131lar vas\u0131tas\u0131yla cihaz\u0131n\u0131zda<br \/>\ndepolan\u0131r.<\/p>\n<p>Teknik \u00c7erezler<br \/>\n(Technical Cookies)<\/p>\n<p>Teknik \u00e7erezler ile web sitesinin \u00e7al\u0131\u015fmas\u0131 sa\u011flanmakta, internet sitesinin \u00e7al\u0131\u015fmayan<br \/>\nsayfalar\u0131 ve alanlar\u0131 tespit edilmektedir.<\/p>\n<p>Otantikasyon \u00c7erezleri<br \/>\n(Authentication Cookies)<\/p>\n<p>Ziyaret\u00e7iler, \u015fifrelerini kullanarak internet sitesine giri\u015f yapmalar\u0131 durumunda,<br \/>\nziyaret etti\u011fi her bir sayfada site kullan\u0131c\u0131s\u0131 oldu\u011fu belirlenerek, her sayfada \u015fifresini<br \/>\nyeniden girmesi \u00f6nlenir.<\/p>\n<p>Flash \u00c7erezleri<br \/>\n(Flash Cookies)<\/p>\n<p>\u0130nternet sitesinde yer alan g\u00f6r\u00fcnt\u00fc veya ses i\u00e7eriklerini etkinle\u015ftirmek i\u00e7in kullan\u0131lan<br \/>\n\u00e7erez t\u00fcrleridir.<\/p>\n<p>Ki\u015fiselle\u015ftirme \u00c7erezleri<br \/>\n(Customization Cookies)<\/p>\n<p>Kullan\u0131c\u0131lar\u0131n dil gibi tercihlerini farkl\u0131 internet sitesinin farkl\u0131 sayfalar\u0131n\u0131 ziyarette<br \/>\nde hat\u0131rlamak i\u00e7in kullan\u0131lan \u00e7erezlerdir.<\/p>\n<p>Analitik \u00c7erezler<br \/>\n(Analytical Cookies)<\/p>\n<p>Web sitesini ziyaret edenlerin say\u0131lar\u0131, g\u00f6r\u00fcnt\u00fclenen sayfalar\u0131n tespiti, ziyaret<br \/>\nsaatleri, sayfalar\u0131 kayd\u0131rma hareketleri gibi analitik sonu\u00e7lar\u0131 izleyen \u00e7erezlerdir.<\/p>\n<p>Web sitemizde \u00e7erez kullan\u0131lmas\u0131n\u0131n ba\u015fl\u0131ca ama\u00e7lar\u0131 a\u015fa\u011f\u0131da s\u0131ralanmaktad\u0131r:<br \/>\n\u00b7 \u0130nternet sitesinin i\u015flevselli\u011fini ve performans\u0131n\u0131 artt\u0131rmak yoluyla sizlere sunulan hizmetleri geli\u015ftirmek,<br \/>\n\u00b7 \u0130nternet Sitesini iyile\u015ftirmek ve \u0130nternet Sitesi \u00fczerinden yeni \u00f6zellikler sunmak ve sunulan \u00f6zellikleri sizlerin<br \/>\ntercihlerine g\u00f6re ki\u015fiselle\u015ftirmek,<br \/>\n\u00b7 \u0130nternet Sitesinin, Sizin ve \u00dc\u00c7LER MOTORLU ARA\u00c7LAR\u2019in hukuki ve ticari g\u00fcvenli\u011finin teminini sa\u011flamak.<\/p>\n<ol>\n<li>\u00c7erez Tercihlerini Kontrol Etme<br \/>\nFarkl\u0131 taray\u0131c\u0131lar web siteleri taraf\u0131ndan kullan\u0131lan \u00e7erezleri engellemek ve silmek i\u00e7in farkl\u0131 y\u00f6ntemler sunar. \u00c7erezleri<br \/>\nengellemek \/ silmek i\u00e7in taray\u0131c\u0131 ayarlar\u0131 de\u011fi\u015ftirilmelidir. Tan\u0131mlama bilgilerinin nas\u0131l y\u00f6netilece\u011fi ve silinece\u011fi<br \/>\nhakk\u0131nda daha fazla bilgi edinmek i\u00e7in www.allaboutcookies.org adresini ziyaret edilebilir. Ziyaret\u00e7i, taray\u0131c\u0131 ayarlar\u0131n\u0131<br \/>\nde\u011fi\u015ftirerek \u00e7erezlere ili\u015fkin tercihlerini ki\u015fiselle\u015ftirme imk\u00e2n\u0131na sahiptir.<\/li>\n<li>Veri Sahiplerinin Haklar\u0131<br \/>\nKanunun \u201cilgili ki\u015finin haklar\u0131n\u0131 d\u00fczenleyen\u201d 11. maddesi kapsam\u0131ndaki talepleri, Politika\u2019da d\u00fczenlendi\u011fi \u015fekilde,<br \/>\nayr\u0131nt\u0131s\u0131n\u0131 https:\/\/uclertraktor.com\/kisisel-verilerin-korunmasi adresinden ula\u015fabilece\u011finiz Ba\u015fvuru Formunu\u2019nu \u00dc\u00c7LER MOTORLU ARA\u00c7LAR\u2019e<br \/>\nileterek yapabilir.\u00a0 Talebin niteli\u011fine g\u00f6re en k\u0131sa s\u00fcrede ve en ge\u00e7 otuz g\u00fcn i\u00e7inde ba\u015fvurular\u0131 \u00fccretsiz olarak<br \/>\nsonu\u00e7land\u0131r\u0131l\u0131r; ancak i\u015flemin ayr\u0131ca bir maliyet gerektirmesi halinde Ki\u015fisel Verileri Koruma Kurulu taraf\u0131ndan<br \/>\nbelirlenecek tarifeye g\u00f6re \u00fccret talep edilebilir.<\/li>\n<li>Politika\u2019n\u0131n Y\u00fcr\u00fcrl\u00fc\u011f\u00fc<br \/>\nBu Politika yay\u0131nland\u0131\u011f\u0131 tarihte y\u00fcr\u00fcrl\u00fc\u011fe girer. Politika\u2019n\u0131n t\u00fcm\u00fcn\u00fcn veya belirli maddelerinin yenilenmesi halinde<br \/>\nPolitika\u2019n\u0131n y\u00fcr\u00fcrl\u00fck tarihi revize edilir. Ba\u015fvuru Formu i\u00e7in \u201cwww.uclertraktor.com\u201d adresine ula\u015fabilirsiniz.<\/li>\n<\/ol>\n<p>&nbsp;<\/p>\n","protected":false},"excerpt":{"rendered":"<p>\u00dc\u00c7LER MOTORLU ARA\u00c7LAR WEB S\u0130TES\u0130 G\u0130ZL\u0130L\u0130K VE \u00c7EREZ POL\u0130T\u0130KASI \u00dc\u00c7LER MOTORLU ARA\u00c7LAR \u00a0(\u201c\u00dc\u00c7LER MOTORLU ARA\u00c7LAR\u201d) taraf\u0131ndan i\u015fletilen\u00a0(\u201cuclertraktor.com.tr\u201d) web sitesini ziyaret edenlerin (\u201cziyaret\u00e7i\u201d) ki\u015fisel verilerini 6698 say\u0131l\u0131 Ki\u015fisel Verilerin Korunmas\u0131 Kanunu (\u201cKanun\u201d) uyar\u0131nca i\u015flemekte ve gizlili\u011fini korumaktay\u0131z. Bu Web Sitesi Gizlilik ve \u00c7erez Politikas\u0131 (\u201cPolitika\u201d) ile ziyaret\u00e7ilerin ki\u015fisel verilerinin i\u015flenmesi, \u00e7erez politikas\u0131 ve internet sitesi gizlilik [&hellip;]<\/p>\n","protected":false},"author":1,"featured_media":0,"parent":0,"menu_order":0,"comment_status":"closed","ping_status":"closed","template":"templates\/template-no-sidebar.php","meta":{"ngg_post_thumbnail":0,"footnotes":""},"class_list":["post-829","page","type-page","status-publish","hentry","entry"],"aioseo_notices":[],"_links":{"self":[{"href":"https:\/\/uclertraktor.com\/index.php?rest_route=\/wp\/v2\/pages\/829","targetHints":{"allow":["GET"]}}],"collection":[{"href":"https:\/\/uclertraktor.com\/index.php?rest_route=\/wp\/v2\/pages"}],"about":[{"href":"https:\/\/uclertraktor.com\/index.php?rest_route=\/wp\/v2\/types\/page"}],"author":[{"embeddable":true,"href":"https:\/\/uclertraktor.com\/index.php?rest_route=\/wp\/v2\/users\/1"}],"replies":[{"embeddable":true,"href":"https:\/\/uclertraktor.com\/index.php?rest_route=%2Fwp%2Fv2%2Fcomments&post=829"}],"version-history":[{"count":2,"href":"https:\/\/uclertraktor.com\/index.php?rest_route=\/wp\/v2\/pages\/829\/revisions"}],"predecessor-version":[{"id":1040,"href":"https:\/\/uclertraktor.com\/index.php?rest_route=\/wp\/v2\/pages\/829\/revisions\/1040"}],"wp:attachment":[{"href":"https:\/\/uclertraktor.com\/index.php?rest_route=%2Fwp%2Fv2%2Fmedia&parent=829"}],"curies":[{"name":"wp","href":"https:\/\/api.w.org\/{rel}","templated":true}]}}